{"id":8,"date":"2018-07-12T19:31:15","date_gmt":"2018-07-12T19:31:15","guid":{"rendered":"http:\/\/wheezartist.com\/index.php\/home\/"},"modified":"2020-11-12T12:35:07","modified_gmt":"2020-11-12T12:35:07","slug":"home","status":"publish","type":"page","link":"https:\/\/wheezartist.com\/","title":{"rendered":"Home"},"content":{"rendered":"\n<div style=\"height:70px\" aria-hidden=\"true\" class=\"wp-block-spacer\"><\/div>\n\n\n\n<p>Bienvenu sur WheezArtist.com !<\/p>\n\n\n\n<p>Ici, tout est fait maison ! Des dessins (\u00e9videmment) au site en passant par les animations et le streaming j&#8217;en apprends tous les jours et tous les conseils sont bon \u00e0 prendre du moment qu&#8217;ils sont constructifs. <\/p>\n\n\n\n<p>D&#8217;ailleurs n&#8217;h\u00e9sites pas \u00e0 passer sur mon stream pour apprendre le dessin et l&#8217;animation avec moi c&#8217;est plut\u00f4t <em>chill<\/em> et si le dessin ne t&#8217;int\u00e9resse pas forc\u00e9ment on joue aussi r\u00e9guli\u00e8rement avec <em>les copaings<\/em>. Tu seras toujours le bienvenu !<\/p>\n\n\n\n<p class=\"has-text-align-center\"><em>Enjoy !<\/em><\/p>\n\n\n\n<div style=\"height:110px\" aria-hidden=\"true\" class=\"wp-block-spacer\"><\/div>\n\n\n\n<figure class=\"wp-block-image size-large\"><img loading=\"lazy\" width=\"1024\" height=\"768\" src=\"http:\/\/wheezartist.com\/wp-content\/uploads\/2020\/10\/14032FCF-0216-44A7-8259-85AB12D324E9-1024x768.png\" alt=\"\" class=\"wp-image-2474\" srcset=\"https:\/\/wheezartist.com\/wp-content\/uploads\/2020\/10\/14032FCF-0216-44A7-8259-85AB12D324E9-1024x768.png 1024w, https:\/\/wheezartist.com\/wp-content\/uploads\/2020\/10\/14032FCF-0216-44A7-8259-85AB12D324E9-300x225.png 300w, https:\/\/wheezartist.com\/wp-content\/uploads\/2020\/10\/14032FCF-0216-44A7-8259-85AB12D324E9-768x576.png 768w, https:\/\/wheezartist.com\/wp-content\/uploads\/2020\/10\/14032FCF-0216-44A7-8259-85AB12D324E9-1536x1152.png 1536w, https:\/\/wheezartist.com\/wp-content\/uploads\/2020\/10\/14032FCF-0216-44A7-8259-85AB12D324E9-2048x1536.png 2048w, https:\/\/wheezartist.com\/wp-content\/uploads\/2020\/10\/14032FCF-0216-44A7-8259-85AB12D324E9-538x404.png 538w\" sizes=\"(max-width: 1024px) 100vw, 1024px\" \/><\/figure>\n\n\n\n<div style=\"height:110px\" aria-hidden=\"true\" class=\"wp-block-spacer\"><\/div>\n\n\n<div class=\"wpforms-container \" id=\"wpforms-2725\"><form id=\"wpforms-form-2725\" class=\"wpforms-validate wpforms-form\" data-formid=\"2725\" method=\"post\" enctype=\"multipart\/form-data\" action=\"\/index.php\/wp-json\/wp\/v2\/pages\/8\" data-token=\"7c9229d17be7228c53771c235d768115\"><noscript class=\"wpforms-error-noscript\">Please enable JavaScript in your browser to complete this form.<\/noscript><div class=\"wpforms-field-container\"><div id=\"wpforms-2725-field_0-container\" class=\"wpforms-field wpforms-field-name\" data-field-id=\"0\"><label class=\"wpforms-field-label\" for=\"wpforms-2725-field_0\">Name <span class=\"wpforms-required-label\">*<\/span><\/label><div class=\"wpforms-field-row wpforms-field-medium\"><div class=\"wpforms-field-row-block wpforms-first wpforms-one-half\"><input type=\"text\" id=\"wpforms-2725-field_0\" class=\"wpforms-field-name-first wpforms-field-required\" name=\"wpforms[fields][0][first]\" required><label for=\"wpforms-2725-field_0\" class=\"wpforms-field-sublabel after \">First<\/label><\/div><div class=\"wpforms-field-row-block wpforms-one-half\"><input type=\"text\" id=\"wpforms-2725-field_0-last\" class=\"wpforms-field-name-last wpforms-field-required\" name=\"wpforms[fields][0][last]\" required><label for=\"wpforms-2725-field_0-last\" class=\"wpforms-field-sublabel after \">Last<\/label><\/div><\/div><\/div><div id=\"wpforms-2725-field_1-container\" class=\"wpforms-field wpforms-field-email\" data-field-id=\"1\"><label class=\"wpforms-field-label\" for=\"wpforms-2725-field_1\">Email <span class=\"wpforms-required-label\">*<\/span><\/label><input type=\"email\" id=\"wpforms-2725-field_1\" class=\"wpforms-field-medium wpforms-field-required\" name=\"wpforms[fields][1]\" required><\/div><div id=\"wpforms-2725-field_2-container\" class=\"wpforms-field wpforms-field-textarea\" data-field-id=\"2\"><label class=\"wpforms-field-label\" for=\"wpforms-2725-field_2\">Comment or Message <span class=\"wpforms-required-label\">*<\/span><\/label><textarea id=\"wpforms-2725-field_2\" class=\"wpforms-field-medium wpforms-field-required\" name=\"wpforms[fields][2]\" required><\/textarea><\/div><\/div><div class=\"wpforms-submit-container\" ><input type=\"hidden\" name=\"wpforms[id]\" value=\"2725\"><input type=\"hidden\" name=\"wpforms[author]\" value=\"1\"><button type=\"submit\" name=\"wpforms[submit]\" class=\"wpforms-submit \" id=\"wpforms-submit-2725\" value=\"wpforms-submit\" aria-live=\"assertive\" data-alt-text=\"Envoi en cours...\" data-submit-text=\"Envoyer\">Envoyer<\/button><\/div><\/form><\/div>  <!-- .wpforms-container -->\n\n\n<p><\/p>\n","protected":false},"excerpt":{"rendered":"<p>Bienvenu sur WheezArtist.com ! Ici, tout est fait maison ! Des dessins (\u00e9videmment) au site en passant par les animations &hellip; <a href=\"https:\/\/wheezartist.com\/\" class=\"more-link\"><span class=\"more-button\">Continue Reading<span class=\"screen-reader-text\">Home<\/span><\/span><\/a><\/p>\n","protected":false},"author":1,"featured_media":0,"parent":0,"menu_order":0,"comment_status":"closed","ping_status":"closed","template":"","meta":{"pgc_sgb_lightbox_settings":""},"uagb_featured_image_src":{"full":false,"thumbnail":false,"medium":false,"medium_large":false,"large":false,"1536x1536":false,"2048x2048":false,"post-thumbnail":false,"photo-journal-slider":false,"photo-journal-featured-content":false,"photo-journal-hero-content":false,"photo-journal-team":false,"photo-journal-events":false,"photo-journal-countdown":false,"photo-journal-header-image":false,"photo-journal-logo-slider":false,"photo-journal-testimonial":false,"photo-journal-portfolio":false},"uagb_author_info":{"display_name":"yan.courbet@gmail.com","author_link":"https:\/\/wheezartist.com\/index.php\/author\/yan-courbetgmail-com\/"},"uagb_comment_info":0,"uagb_excerpt":"Bienvenu sur WheezArtist.com ! Ici, tout est fait maison ! Des dessins (\u00e9videmment) au site en passant par les animations &hellip; Continue ReadingHome","_links":{"self":[{"href":"https:\/\/wheezartist.com\/index.php\/wp-json\/wp\/v2\/pages\/8"}],"collection":[{"href":"https:\/\/wheezartist.com\/index.php\/wp-json\/wp\/v2\/pages"}],"about":[{"href":"https:\/\/wheezartist.com\/index.php\/wp-json\/wp\/v2\/types\/page"}],"author":[{"embeddable":true,"href":"https:\/\/wheezartist.com\/index.php\/wp-json\/wp\/v2\/users\/1"}],"replies":[{"embeddable":true,"href":"https:\/\/wheezartist.com\/index.php\/wp-json\/wp\/v2\/comments?post=8"}],"version-history":[{"count":91,"href":"https:\/\/wheezartist.com\/index.php\/wp-json\/wp\/v2\/pages\/8\/revisions"}],"predecessor-version":[{"id":2765,"href":"https:\/\/wheezartist.com\/index.php\/wp-json\/wp\/v2\/pages\/8\/revisions\/2765"}],"wp:attachment":[{"href":"https:\/\/wheezartist.com\/index.php\/wp-json\/wp\/v2\/media?parent=8"}],"curies":[{"name":"wp","href":"https:\/\/api.w.org\/{rel}","templated":true}]}}